{"id":227,"date":"2019-08-13T11:38:39","date_gmt":"2019-08-13T09:38:39","guid":{"rendered":"http:\/\/impactes.be\/?page_id=227"},"modified":"2019-12-02T13:52:44","modified_gmt":"2019-12-02T12:52:44","slug":"notre-asbl","status":"publish","type":"page","link":"https:\/\/impactes.be\/index.php\/notre-asbl\/","title":{"rendered":"Notre Asbl"},"content":{"rendered":"\n<p style=\"text-align:left\">ImpActes a comme objectif de d\u00e9velopper <strong>la conscience de l\u2019impact de l\u2019Homme sur l\u2019\u00e9cosyst\u00e8me<\/strong> auquel il appartient !<\/p>\n\n\n\n<p><br>Nous d\u00e9sirons inciter chacun \u00e0 agir individuellement et collectivement pour sauvegarder notre \u00e9cosyst\u00e8me par des <strong>actions simples et accessibles \u00e0 tous ! <\/strong><\/p>\n\n\n\n<p><br>Pour ce faire, nous d\u00e9sirons offrir la possibilit\u00e9 \u00e0 tous, dans la sph\u00e8re priv\u00e9e et\/ou professionnelle de :   <\/p>\n\n\n\n<ul class=\"wp-block-list\"><li><strong>comprendre<\/strong> les enjeux \u00e9cologiques et environnementaux ;<\/li><li>repenser son <strong>mode de vie<\/strong> et questionner son rapport \u00e0 la consommation ;<\/li><li><strong>tendre vers<\/strong> une forme de sobri\u00e9t\u00e9 heureuse et de minimalisme (l&rsquo;aspect mat\u00e9riel et au-del\u00e0),<\/li><li><strong>r\u00e9fl\u00e9chir \u00e0<\/strong> une possible d\u00e9croissance ;<\/li><li>initier, organiser des actions, projets, \u00e9v\u00e8nements allant vers <strong>un changement durable<\/strong> ;<\/li><li><strong>s\u2019outiller <\/strong>de fa\u00e7on simple et accessible afin de respecter l\u2019\u00e9cosyst\u00e8me ;<\/li><li>initier des changements concrets et accessibles vers une <strong>consommation responsable<\/strong> ;<\/li><li><strong>questionner<\/strong> les liens entre consommation et sant\u00e9 ;<\/li><li>questionner sa <strong>responsabilit\u00e9<\/strong> et son <strong>engagement<\/strong> dans le syst\u00e8me auquel nous appartenons ;<\/li><li>d\u00e9velopper la <strong>conscience individuelle et collective<\/strong> ;<\/li><li>contribuer, \u00e0 son niveau, \u00e0 un <strong>changement de soci\u00e9t\u00e9<\/strong>. <\/li><\/ul>\n\n\n\n<figure class=\"wp-block-pullquote\" style=\"border-color:#313131\"><blockquote><p>Nous sommes convaincus que le changement passe par des gestes simples qui (re)lient les \u00eatres entre eux, et permettent une autre fa\u00e7on de (re)vivre ensemble! <\/p><cite><br><\/cite><\/blockquote><\/figure>\n\n\n\n<p>ImpActes ets une Association Sans But Lucratif.<\/p>\n\n\n\n<p>Num\u00e9ro d&rsquo;entreprise: 0723493801 &#8211; non assujettie \u00e0 la TVA.<\/p>\n\n\n\n<p><\/p>\n\n\n\n<p><\/p>\n\n\n\n<p><\/p>\n\n\n\n<div class=\"wp-block-image\"><figure class=\"aligncenter is-resized\"><img loading=\"lazy\" decoding=\"async\" src=\"http:\/\/impactes.be\/wp-content\/uploads\/2019\/08\/IMPACTES_FEUILLES_SEPAREES-11-581x1024.png\" alt=\"\" class=\"wp-image-393\" width=\"56\" height=\"99\" srcset=\"https:\/\/impactes.be\/wp-content\/uploads\/2019\/08\/IMPACTES_FEUILLES_SEPAREES-11-581x1024.png 581w, https:\/\/impactes.be\/wp-content\/uploads\/2019\/08\/IMPACTES_FEUILLES_SEPAREES-11-170x300.png 170w, https:\/\/impactes.be\/wp-content\/uploads\/2019\/08\/IMPACTES_FEUILLES_SEPAREES-11-768x1353.png 768w, https:\/\/impactes.be\/wp-content\/uploads\/2019\/08\/IMPACTES_FEUILLES_SEPAREES-11-1140x2009.png 1140w\" sizes=\"auto, (max-width: 56px) 100vw, 56px\" \/><\/figure><\/div>\n","protected":false},"excerpt":{"rendered":"<p>ImpActes a comme objectif de d\u00e9velopper la conscience de l\u2019impact de l\u2019Homme sur l\u2019\u00e9cosyst\u00e8me auquel il appartient ! Nous d\u00e9sirons inciter chacun \u00e0 agir individuellement et collectivement pour sauvegarder notre \u00e9cosyst\u00e8me par des actions simples et accessibles \u00e0 tous ! Pour ce faire, nous d\u00e9sirons offrir la possibilit\u00e9 \u00e0 tous, dans la sph\u00e8re priv\u00e9e et\/ou professionnelle de : comprendre les enjeux \u00e9cologiques et environnementaux ; repenser son mode de vie et questionner son rapport \u00e0 la consommation ; tendre vers une forme de sobri\u00e9t\u00e9 heureuse et de minimalisme (l&rsquo;aspect mat\u00e9riel et au-del\u00e0), r\u00e9fl\u00e9chir \u00e0 une possible d\u00e9croissance ; initier, organiser des actions, projets, \u00e9v\u00e8nements allant vers un changement durable ; s\u2019outiller de fa\u00e7on simple et accessible afin de respecter l\u2019\u00e9cosyst\u00e8me ; initier des changements concrets et accessibles vers une consommation responsable ; questionner les liens entre consommation et sant\u00e9 ; questionner sa responsabilit\u00e9 et son engagement dans le syst\u00e8me auquel nous appartenons ; d\u00e9velopper la conscience individuelle et collective ; contribuer, \u00e0 son niveau, \u00e0 un changement de soci\u00e9t\u00e9. Nous sommes convaincus que le changement passe par des gestes simples qui (re)lient les \u00eatres entre eux, et permettent une autre fa\u00e7on de (re)vivre ensemble! ImpActes ets une Association Sans But Lucratif. Num\u00e9ro d&rsquo;entreprise: 0723493801 &#8211; non assujettie \u00e0 la TVA.<\/p>\n","protected":false},"author":1,"featured_media":0,"parent":0,"menu_order":0,"comment_status":"closed","ping_status":"closed","template":"","meta":{"footnotes":""},"class_list":["post-227","page","type-page","status-publish","hentry"],"_links":{"self":[{"href":"https:\/\/impactes.be\/index.php\/wp-json\/wp\/v2\/pages\/227","targetHints":{"allow":["GET"]}}],"collection":[{"href":"https:\/\/impactes.be\/index.php\/wp-json\/wp\/v2\/pages"}],"about":[{"href":"https:\/\/impactes.be\/index.php\/wp-json\/wp\/v2\/types\/page"}],"author":[{"embeddable":true,"href":"https:\/\/impactes.be\/index.php\/wp-json\/wp\/v2\/users\/1"}],"replies":[{"embeddable":true,"href":"https:\/\/impactes.be\/index.php\/wp-json\/wp\/v2\/comments?post=227"}],"version-history":[{"count":16,"href":"https:\/\/impactes.be\/index.php\/wp-json\/wp\/v2\/pages\/227\/revisions"}],"predecessor-version":[{"id":436,"href":"https:\/\/impactes.be\/index.php\/wp-json\/wp\/v2\/pages\/227\/revisions\/436"}],"wp:attachment":[{"href":"https:\/\/impactes.be\/index.php\/wp-json\/wp\/v2\/media?parent=227"}],"curies":[{"name":"wp","href":"https:\/\/api.w.org\/{rel}","templated":true}]}}