{"id":535,"date":"2022-03-23T17:07:53","date_gmt":"2022-03-23T16:07:53","guid":{"rendered":"http:\/\/impactes.be\/?page_id=535"},"modified":"2025-01-02T22:39:58","modified_gmt":"2025-01-02T21:39:58","slug":"reservations","status":"publish","type":"page","link":"https:\/\/impactes.be\/index.php\/reservations\/","title":{"rendered":"Inscriptions"},"content":{"rendered":"\n<p class=\"has-medium-font-size\">Notre module d&rsquo;inscription en ligne est momentan\u00e9ment indisponible. N&rsquo;h\u00e9sitez pas \u00e0 envoyer un mail \u00e0 <a href=\"info@impactes.be\">info@impactes.be<\/a>  pour v\u00e9rifier les disponibilit\u00e9s pour la\/les journ\u00e9e(s) de votre choix  \ud83d\ude09 <\/p>\n\n\n\n<p><\/p>\n","protected":false},"excerpt":{"rendered":"<p>Notre module d&rsquo;inscription en ligne est momentan\u00e9ment indisponible. N&rsquo;h\u00e9sitez pas \u00e0 envoyer un mail \u00e0 info@impactes.be pour v\u00e9rifier les disponibilit\u00e9s pour la\/les journ\u00e9e(s) de votre choix \ud83d\ude09<\/p>\n","protected":false},"author":1,"featured_media":0,"parent":0,"menu_order":0,"comment_status":"closed","ping_status":"closed","template":"","meta":{"footnotes":""},"class_list":["post-535","page","type-page","status-publish","hentry"],"_links":{"self":[{"href":"https:\/\/impactes.be\/index.php\/wp-json\/wp\/v2\/pages\/535","targetHints":{"allow":["GET"]}}],"collection":[{"href":"https:\/\/impactes.be\/index.php\/wp-json\/wp\/v2\/pages"}],"about":[{"href":"https:\/\/impactes.be\/index.php\/wp-json\/wp\/v2\/types\/page"}],"author":[{"embeddable":true,"href":"https:\/\/impactes.be\/index.php\/wp-json\/wp\/v2\/users\/1"}],"replies":[{"embeddable":true,"href":"https:\/\/impactes.be\/index.php\/wp-json\/wp\/v2\/comments?post=535"}],"version-history":[{"count":9,"href":"https:\/\/impactes.be\/index.php\/wp-json\/wp\/v2\/pages\/535\/revisions"}],"predecessor-version":[{"id":739,"href":"https:\/\/impactes.be\/index.php\/wp-json\/wp\/v2\/pages\/535\/revisions\/739"}],"wp:attachment":[{"href":"https:\/\/impactes.be\/index.php\/wp-json\/wp\/v2\/media?parent=535"}],"curies":[{"name":"wp","href":"https:\/\/api.w.org\/{rel}","templated":true}]}}